{"id":13,"date":"2024-08-20T12:04:37","date_gmt":"2024-08-20T10:04:37","guid":{"rendered":"https:\/\/yamazing.fr\/?page_id=13"},"modified":"2025-11-24T18:22:41","modified_gmt":"2025-11-24T17:22:41","slug":"accueil","status":"publish","type":"page","link":"https:\/\/yamazing.fr\/","title":{"rendered":"Accueil"},"content":{"rendered":"\n<div class=\"wp-block-cover alignfull\" style=\"min-height:914px;aspect-ratio:unset;\"><span aria-hidden=\"true\" class=\"wp-block-cover__background has-background-dim-100 has-background-dim has-background-gradient\" style=\"background:linear-gradient(359deg,rgb(244,233,229) 53%,rgb(181,126,90) 89%,rgb(133,81,60) 97%)\"><\/span><div class=\"wp-block-cover__inner-container is-layout-flow wp-block-cover-is-layout-flow\">\n<figure class=\"wp-block-image size-large is-resized\"><img loading=\"lazy\" decoding=\"async\" width=\"1024\" height=\"436\" src=\"https:\/\/yamazing.fr\/wp-content\/uploads\/2025\/11\/Yamazing_NB-1024x436.png\" alt=\"\" class=\"wp-image-363\" style=\"width:457px;height:auto\" srcset=\"https:\/\/yamazing.fr\/wp-content\/uploads\/2025\/11\/Yamazing_NB-1024x436.png 1024w, https:\/\/yamazing.fr\/wp-content\/uploads\/2025\/11\/Yamazing_NB-300x128.png 300w, https:\/\/yamazing.fr\/wp-content\/uploads\/2025\/11\/Yamazing_NB-768x327.png 768w, https:\/\/yamazing.fr\/wp-content\/uploads\/2025\/11\/Yamazing_NB.png 1500w\" sizes=\"auto, (max-width: 1024px) 100vw, 1024px\" \/><\/figure>\n\n\n\n<h2 class=\"wp-block-heading has-text-align-left has-ast-global-color-6-color has-text-color has-link-color wp-elements-e7e65c191366d2ddfb6b226162680890\">Renforcez votre r\u00e9silience, Inspirez votre croissance<\/h2>\n\n\n\n<div class=\"wp-block-group is-nowrap is-layout-flex wp-container-core-group-is-layout-6c531013 wp-block-group-is-layout-flex\">\n<div class=\"wp-block-columns is-layout-flex wp-container-core-columns-is-layout-28f84493 wp-block-columns-is-layout-flex\">\n<div class=\"wp-block-column is-vertically-aligned-top is-layout-flow wp-block-column-is-layout-flow\" style=\"flex-basis:66.66%\">\n<div class=\"wp-block-group is-nowrap is-layout-flex wp-container-core-group-is-layout-6c531013 wp-block-group-is-layout-flex\">\n<p>Nous s\u00e9curisons vos syst\u00e8mes tout en d\u00e9veloppant des leaders r\u00e9silients. Notre expertise en cybers\u00e9curit\u00e9 et coaching professionnel vous pr\u00e9pare \u00e0 affronter les d\u00e9fis num\u00e9riques tout en stimulant la croissance de votre entreprise.<\/p>\n<\/div>\n<\/div>\n\n\n\n<div class=\"wp-block-column is-vertically-aligned-stretch is-layout-flow wp-block-column-is-layout-flow\" style=\"flex-basis:33.33%\">\n<div class=\"wp-block-buttons is-content-justification-center is-layout-flex wp-container-core-buttons-is-layout-a89b3969 wp-block-buttons-is-layout-flex\">\n<div class=\"wp-block-button\"><a class=\"wp-block-button__link has-white-color has-ast-global-color-1-background-color has-text-color has-background has-link-color wp-element-button\" href=\"mailto:contact@yamazing.fr\">Contactez nous<\/a><\/div>\n<\/div>\n<\/div>\n<\/div>\n<\/div>\n\n\n\n<div class=\"wp-block-columns is-layout-flex wp-container-core-columns-is-layout-28f84493 wp-block-columns-is-layout-flex\">\n<div class=\"wp-block-column is-layout-flow wp-block-column-is-layout-flow\">\n<div class=\"wp-block-columns is-layout-flex wp-container-core-columns-is-layout-28f84493 wp-block-columns-is-layout-flex\">\n<div class=\"wp-block-column is-layout-flow wp-block-column-is-layout-flow\">\n<hr class=\"wp-block-separator has-alpha-channel-opacity is-style-wide\"\/>\n\n\n\n<h2 class=\"wp-block-heading has-text-align-left has-ast-global-color-1-color has-text-color\">20+<\/h2>\n\n\n\n<p class=\"has-text-align-left\"><strong><mark style=\"background-color:rgba(0, 0, 0, 0)\" class=\"has-inline-color has-ast-global-color-0-color\"><strong><mark style=\"background-color:rgba(0, 0, 0, 0)\" class=\"has-inline-color has-ast-global-color-0-color\"> <\/mark><\/strong><\/mark>Ann\u00e9es d&rsquo;expertise<\/strong><\/p>\n\n\n\n<hr class=\"wp-block-separator has-alpha-channel-opacity is-style-wide\"\/>\n<\/div>\n\n\n\n<div class=\"wp-block-column is-layout-flow wp-block-column-is-layout-flow\">\n<hr class=\"wp-block-separator has-alpha-channel-opacity is-style-wide\"\/>\n\n\n\n<h2 class=\"wp-block-heading has-text-align-left has-ast-global-color-1-color has-text-color\">100%<\/h2>\n\n\n\n<p class=\"has-text-align-left\"><strong>Satisfaction client<\/strong><\/p>\n\n\n\n<hr class=\"wp-block-separator has-alpha-channel-opacity is-style-wide\"\/>\n<\/div>\n\n\n\n<div class=\"wp-block-column is-layout-flow wp-block-column-is-layout-flow\">\n<div class=\"wp-block-columns is-layout-flex wp-container-core-columns-is-layout-28f84493 wp-block-columns-is-layout-flex\">\n<div class=\"wp-block-column is-layout-flow wp-block-column-is-layout-flow\">\n<hr class=\"wp-block-separator has-alpha-channel-opacity is-style-wide\"\/>\n\n\n\n<h2 class=\"wp-block-heading has-text-align-left has-ast-global-color-1-color has-text-color\">50+<\/h2>\n\n\n\n<p class=\"has-text-align-left\"><strong>Projets r\u00e9ussis<\/strong><\/p>\n\n\n\n<hr class=\"wp-block-separator has-alpha-channel-opacity is-style-wide\"\/>\n<\/div>\n<\/div>\n<\/div>\n<\/div>\n<\/div>\n<\/div>\n<\/div><\/div>\n\n\n\n<div class=\"wp-block-group alignfull has-ast-global-color-5-background-color has-background is-layout-constrained wp-container-core-group-is-layout-45b0ac4f wp-block-group-is-layout-constrained\" id=\"services\" style=\"padding-top:144px;padding-bottom:0px\">\n<h2 class=\"wp-block-heading\">Nos Services<\/h2>\n\n\n\n<hr class=\"wp-block-separator aligncenter has-alpha-channel-opacity is-style-wide\"\/>\n\n\n\n<div class=\"wp-block-group alignfull has-ast-global-color-5-background-color has-background is-layout-constrained wp-container-core-group-is-layout-9cedb757 wp-block-group-is-layout-constrained\" style=\"padding-bottom:0px\">\n<div class=\"wp-block-columns are-vertically-aligned-top is-layout-flex wp-container-core-columns-is-layout-00723822 wp-block-columns-is-layout-flex\">\n<div class=\"wp-block-column is-vertically-aligned-top is-layout-flow wp-container-core-column-is-layout-6b73ce23 wp-block-column-is-layout-flow\">\n<figure class=\"wp-block-image size-large is-style-default wp-duotone-000000-var--ast-global-color-0-1\"><img decoding=\"async\" src=\"https:\/\/yamazing.fr\/wp-content\/themes\/astra\/inc\/assets\/images\/starter-content\/building.svg\" alt=\"\" class=\"wp-image-134\"\/><\/figure>\n\n\n\n<h3 class=\"wp-block-heading has-text-align-left\" style=\"margin-top:16px\">Conseil<\/h3>\n\n\n\n<ul class=\"wp-block-list\">\n<li>\u00c9valuation des risques <\/li>\n\n\n\n<li>Mise en conformit\u00e9 avec les normes et r\u00e9glementations<\/li>\n\n\n\n<li>\u00c9laboration de strat\u00e9gies sur mesure<\/li>\n\n\n\n<li>Accompagnement dans la s\u00e9lection et l\u2019int\u00e9gration de solutions de s\u00e9curit\u00e9 adapt\u00e9es<\/li>\n<\/ul>\n<\/div>\n\n\n\n<div class=\"wp-block-column is-vertically-aligned-top is-layout-flow wp-container-core-column-is-layout-6b73ce23 wp-block-column-is-layout-flow\">\n<figure class=\"wp-block-image size-large wp-duotone-000000-var--ast-global-color-0-2\"><img decoding=\"async\" src=\"https:\/\/yamazing.fr\/wp-content\/themes\/astra\/inc\/assets\/images\/starter-content\/shopping-bag.svg\" alt=\"\" class=\"wp-image-135\"\/><\/figure>\n\n\n\n<h3 class=\"wp-block-heading has-text-align-left\" style=\"margin-top:16px\">Expertise<\/h3>\n\n\n\n<ul class=\"wp-block-list\">\n<li>R\u00e9alisation d&rsquo;audits de maturit\u00e9 cybers\u00e9curit\u00e9<\/li>\n\n\n\n<li>Homologation des syst\u00e8mes d&rsquo;information<\/li>\n\n\n\n<li>S\u00e9curisation des infrastructures critiques<\/li>\n\n\n\n<li>S\u00e9curisation des syst\u00e8mes industriels<\/li>\n\n\n\n<li>Analyse et gestion des incidents de cybers\u00e9curit\u00e9<\/li>\n<\/ul>\n<\/div>\n\n\n\n<div class=\"wp-block-column is-vertically-aligned-top is-layout-flow wp-container-core-column-is-layout-6b73ce23 wp-block-column-is-layout-flow\">\n<figure class=\"wp-block-image size-large wp-duotone-000000-var--ast-global-color-0-3\"><img decoding=\"async\" src=\"https:\/\/yamazing.fr\/wp-content\/themes\/astra\/inc\/assets\/images\/starter-content\/blog.svg\" alt=\"\" class=\"wp-image-136\"\/><\/figure>\n\n\n\n<h3 class=\"wp-block-heading has-text-align-left\" style=\"margin-top:16px\">Formation<\/h3>\n\n\n\n<ul class=\"wp-block-list\">\n<li>Ateliers et formations personnalis\u00e9es pour sensibiliser les \u00e9quipes aux bonnes pratiques de cybers\u00e9curit\u00e9.<\/li>\n\n\n\n<li>Programmes sp\u00e9cialis\u00e9s pour d\u00e9veloppeurs, experts IT, et dirigeants.<\/li>\n\n\n\n<li>Formations cybers\u00e9curit\u00e9 des syst\u00e8mes industriels<\/li>\n<\/ul>\n<\/div>\n\n\n\n<div class=\"wp-block-column is-vertically-aligned-top is-layout-flow wp-container-core-column-is-layout-6b73ce23 wp-block-column-is-layout-flow\">\n<figure class=\"wp-block-image size-large wp-duotone-000000-var--ast-global-color-0-4\"><img decoding=\"async\" src=\"https:\/\/yamazing.fr\/wp-content\/themes\/astra\/inc\/assets\/images\/starter-content\/portfolio.svg\" alt=\"\" class=\"wp-image-137\"\/><\/figure>\n\n\n\n<h3 class=\"wp-block-heading has-text-align-left\" style=\"margin-top:16px\">Coaching<\/h3>\n\n\n\n<ul class=\"wp-block-list\">\n<li>Coaching individuel<\/li>\n\n\n\n<li>Coaching d&rsquo;\u00e9quipe<\/li>\n\n\n\n<li>Coaching en organisation<\/li>\n\n\n\n<li>Coaching en leadership<\/li>\n\n\n\n<li>Suivi individuel ou collectif pour les RSSI<\/li>\n\n\n\n<li>Accompagnement dans la prise de d\u00e9cisions strat\u00e9giques li\u00e9es \u00e0 la cybers\u00e9curit\u00e9.<\/li>\n<\/ul>\n<\/div>\n<\/div>\n<\/div>\n\n\n\n<div style=\"height:100px\" aria-hidden=\"true\" class=\"wp-block-spacer\"><\/div>\n\n\n\n<div style=\"height:100px\" aria-hidden=\"true\" class=\"wp-block-spacer\"><\/div>\n<\/div>\n\n\n\n<div style=\"height:100px\" aria-hidden=\"true\" class=\"wp-block-spacer\"><\/div>\n\n\n\n<figure class=\"wp-block-pullquote has-background\" id=\"citation\" style=\"background-color:#f4e9e5\"><blockquote><p><em>\u00ab\u00a0La cybers\u00e9curit\u00e9 et le d\u00e9veloppement humain sont deux piliers d&rsquo;une entreprise r\u00e9siliente. Chez Yamazing, nous les r\u00e9unissons pour votre succ\u00e8s.\u00a0\u00bb<\/em><\/p><cite>El Yamani H. &#8211; Fondateur &amp; CEO<\/cite><\/blockquote><\/figure>\n\n\n\n<hr class=\"wp-block-separator has-alpha-channel-opacity\"\/>\n\n\n\n<div style=\"height:100px\" aria-hidden=\"true\" class=\"wp-block-spacer\"><\/div>\n\n\n\n<div style=\"height:100px\" aria-hidden=\"true\" class=\"wp-block-spacer\"><\/div>\n\n\n\n<div style=\"height:100px\" aria-hidden=\"true\" class=\"wp-block-spacer\"><\/div>\n\n\n\n<div class=\"wp-block-group alignfull has-ast-global-color-5-background-color has-background is-layout-constrained wp-container-core-group-is-layout-3fee123f wp-block-group-is-layout-constrained\" id=\"whyus\" style=\"padding-top:144px;padding-bottom:144px\">\n<h2 class=\"wp-block-heading\">Pourquoi choisir Yamazing?<\/h2>\n\n\n\n<hr class=\"wp-block-separator has-alpha-channel-opacity is-style-wide\"\/>\n\n\n\n<div class=\"wp-block-columns is-layout-flex wp-container-core-columns-is-layout-29aadeec wp-block-columns-is-layout-flex\" style=\"margin-top:60px\">\n<div class=\"wp-block-column is-layout-flow wp-container-core-column-is-layout-6b73ce23 wp-block-column-is-layout-flow\">\n<figure class=\"wp-block-image size-large wp-duotone-grayscale\"><img decoding=\"async\" src=\"https:\/\/yamazing.fr\/wp-content\/themes\/astra\/inc\/assets\/images\/starter-content\/passionate.svg\" alt=\"\" class=\"wp-image-162\"\/><\/figure>\n\n\n\n<h3 class=\"wp-block-heading\" style=\"margin-top:16px\">Passionn\u00e9<\/h3>\n\n\n\n<p>La cybers\u00e9curit\u00e9 est bien plus qu\u2019un m\u00e9tier pour nous, c\u2019est une v\u00e9ritable vocation. Toujours en qu\u00eate des meilleures solutions, nous nous engageons \u00e0 rester \u00e0 la pointe des derni\u00e8res avanc\u00e9es technologiques pour anticiper les menaces et prot\u00e9ger vos int\u00e9r\u00eats.<\/p>\n<\/div>\n\n\n\n<div class=\"wp-block-column is-layout-flow wp-container-core-column-is-layout-6b73ce23 wp-block-column-is-layout-flow\">\n<figure class=\"wp-block-image size-large wp-duotone-grayscale\"><img decoding=\"async\" src=\"https:\/\/yamazing.fr\/wp-content\/themes\/astra\/inc\/assets\/images\/starter-content\/professional.svg\" alt=\"\" class=\"wp-image-163\"\/><\/figure>\n\n\n\n<h3 class=\"wp-block-heading\" style=\"margin-top:16px\">Professionel<\/h3>\n\n\n\n<p>Notre savoir-faire repose sur une m\u00e9thodologie rigoureuse et des ann\u00e9es d\u2019exp\u00e9rience. Nous offrons des solutions sur mesure, adapt\u00e9es \u00e0 vos enjeux, en garantissant un haut niveau d\u2019exigence et de fiabilit\u00e9 \u00e0 chaque \u00e9tape de notre intervention.<\/p>\n<\/div>\n\n\n\n<div class=\"wp-block-column is-layout-flow wp-container-core-column-is-layout-6b73ce23 wp-block-column-is-layout-flow\">\n<figure class=\"wp-block-image size-large wp-duotone-grayscale\"><img decoding=\"async\" src=\"https:\/\/yamazing.fr\/wp-content\/themes\/astra\/inc\/assets\/images\/starter-content\/support.svg\" alt=\"\" class=\"wp-image-164\"\/><\/figure>\n\n\n\n<h3 class=\"wp-block-heading\" style=\"margin-top:16px\">Support<\/h3>\n\n\n\n<p>Nous croyons en une relation de proximit\u00e9 avec nos clients. Plus qu\u2019un simple prestataire, nous sommes un partenaire engag\u00e9, disponible et r\u00e9actif, pr\u00eat \u00e0 vous accompagner et \u00e0 vous conseiller, m\u00eame face aux situations les plus complexes.<\/p>\n<\/div>\n<\/div>\n\n\n\n<div style=\"height:100px\" aria-hidden=\"true\" class=\"wp-block-spacer\"><\/div>\n<\/div>\n\n\n\n<div style=\"height:100px\" aria-hidden=\"true\" class=\"wp-block-spacer\"><\/div>\n\n\n\n<div class=\"wp-block-cover alignfull\" style=\"min-height:427px;aspect-ratio:unset;\" id=\"contact\"><span aria-hidden=\"true\" class=\"wp-block-cover__background has-background-dim-100 has-background-dim has-background-gradient\" style=\"background:linear-gradient(180deg,rgb(244,233,229) 38%,rgb(181,126,90) 80%,rgb(133,81,60) 100%)\"><\/span><div class=\"wp-block-cover__inner-container is-layout-flow wp-block-cover-is-layout-flow\">\n<div style=\"height:100px\" aria-hidden=\"true\" class=\"wp-block-spacer\"><\/div>\n\n\n\n<hr class=\"wp-block-separator has-alpha-channel-opacity is-style-wide\"\/>\n\n\n\n<h2 class=\"wp-block-heading alignwide has-text-align-center has-ast-global-color-2-color has-text-color\">Demandez l&rsquo;aide d&rsquo;un professionnel !<\/h2>\n\n\n\n<div class=\"wp-block-buttons is-content-justification-center is-layout-flex wp-container-core-buttons-is-layout-a89b3969 wp-block-buttons-is-layout-flex\">\n<div class=\"wp-block-button\"><a class=\"wp-block-button__link has-white-color has-ast-global-color-1-background-color has-text-color has-background has-link-color has-text-align-center wp-element-button\" href=\"mailto:contact@yamazing.fr\">Contactez nous<\/a><\/div>\n<\/div>\n\n\n\n<div style=\"height:100px\" aria-hidden=\"true\" class=\"wp-block-spacer\"><\/div>\n\n\n\n<div style=\"height:100px\" aria-hidden=\"true\" class=\"wp-block-spacer\"><\/div>\n<\/div><\/div>\n","protected":false},"excerpt":{"rendered":"<p>Nos Services Conseil Expertise Formation Coaching \u00ab\u00a0La cybers\u00e9curit\u00e9 et le d\u00e9veloppement humain sont deux piliers d&rsquo;une entreprise r\u00e9siliente. Chez Yamazing, [&hellip;]<\/p>\n","protected":false},"author":1,"featured_media":0,"parent":0,"menu_order":0,"comment_status":"closed","ping_status":"closed","template":"","meta":{"site-sidebar-layout":"no-sidebar","site-content-layout":"plain-container","ast-site-content-layout":"default","site-content-style":"default","site-sidebar-style":"default","ast-global-header-display":"","ast-banner-title-visibility":"","ast-main-header-display":"","ast-hfb-above-header-display":"","ast-hfb-below-header-display":"","ast-hfb-mobile-header-display":"","site-post-title":"disabled","ast-breadcrumbs-content":"","ast-featured-img":"","footer-sml-layout":"","theme-transparent-header-meta":"enabled","adv-header-id-meta":"","stick-header-meta":"","header-above-stick-meta":"","header-main-stick-meta":"","header-below-stick-meta":"","astra-migrate-meta-layouts":"default","ast-page-background-enabled":"default","ast-page-background-meta":{"desktop":{"background-color":"var(--ast-global-color-4)","background-image":"","background-repeat":"repeat","background-position":"center center","background-size":"auto","background-attachment":"scroll","background-type":"","background-media":"","overlay-type":"","overlay-color":"","overlay-opacity":"","overlay-gradient":""},"tablet":{"background-color":"","background-image":"","background-repeat":"repeat","background-position":"center center","background-size":"auto","background-attachment":"scroll","background-type":"","background-media":"","overlay-type":"","overlay-color":"","overlay-opacity":"","overlay-gradient":""},"mobile":{"background-color":"","background-image":"","background-repeat":"repeat","background-position":"center center","background-size":"auto","background-attachment":"scroll","background-type":"","background-media":"","overlay-type":"","overlay-color":"","overlay-opacity":"","overlay-gradient":""}},"ast-content-background-meta":{"desktop":{"background-color":"var(--ast-global-color-5)","background-image":"","background-repeat":"repeat","background-position":"center center","background-size":"auto","background-attachment":"scroll","background-type":"","background-media":"","overlay-type":"","overlay-color":"","overlay-opacity":"","overlay-gradient":""},"tablet":{"background-color":"var(--ast-global-color-5)","background-image":"","background-repeat":"repeat","background-position":"center center","background-size":"auto","background-attachment":"scroll","background-type":"","background-media":"","overlay-type":"","overlay-color":"","overlay-opacity":"","overlay-gradient":""},"mobile":{"background-color":"var(--ast-global-color-5)","background-image":"","background-repeat":"repeat","background-position":"center center","background-size":"auto","background-attachment":"scroll","background-type":"","background-media":"","overlay-type":"","overlay-color":"","overlay-opacity":"","overlay-gradient":""}},"footnotes":""},"class_list":["post-13","page","type-page","status-publish","hentry"],"_links":{"self":[{"href":"https:\/\/yamazing.fr\/index.php\/wp-json\/wp\/v2\/pages\/13","targetHints":{"allow":["GET"]}}],"collection":[{"href":"https:\/\/yamazing.fr\/index.php\/wp-json\/wp\/v2\/pages"}],"about":[{"href":"https:\/\/yamazing.fr\/index.php\/wp-json\/wp\/v2\/types\/page"}],"author":[{"embeddable":true,"href":"https:\/\/yamazing.fr\/index.php\/wp-json\/wp\/v2\/users\/1"}],"replies":[{"embeddable":true,"href":"https:\/\/yamazing.fr\/index.php\/wp-json\/wp\/v2\/comments?post=13"}],"version-history":[{"count":187,"href":"https:\/\/yamazing.fr\/index.php\/wp-json\/wp\/v2\/pages\/13\/revisions"}],"predecessor-version":[{"id":443,"href":"https:\/\/yamazing.fr\/index.php\/wp-json\/wp\/v2\/pages\/13\/revisions\/443"}],"wp:attachment":[{"href":"https:\/\/yamazing.fr\/index.php\/wp-json\/wp\/v2\/media?parent=13"}],"curies":[{"name":"wp","href":"https:\/\/api.w.org\/{rel}","templated":true}]}}